{"id":3796,"date":"2023-10-10T11:04:21","date_gmt":"2023-10-10T09:04:21","guid":{"rendered":"https:\/\/ladrillerias.es\/login\/"},"modified":"2026-04-30T09:08:22","modified_gmt":"2026-04-30T07:08:22","slug":"login","status":"publish","type":"page","link":"https:\/\/ladrillerias.es\/ca\/login\/","title":{"rendered":"Login"},"content":{"rendered":"\t\t<div data-elementor-type=\"wp-page\" data-elementor-id=\"3796\" class=\"elementor elementor-3796 elementor-885\" data-elementor-post-type=\"page\">\n\t\t\t\t\t\t<section class=\"elementor-section elementor-top-section elementor-element elementor-element-bf63a6e elementor-section-boxed elementor-section-height-default elementor-section-height-default\" data-id=\"bf63a6e\" data-element_type=\"section\">\n\t\t\t\t\t\t<div class=\"elementor-container elementor-column-gap-default\">\n\t\t\t\t\t<div class=\"elementor-column elementor-col-100 elementor-top-column elementor-element elementor-element-ecfac71\" data-id=\"ecfac71\" data-element_type=\"column\">\n\t\t\t<div class=\"elementor-widget-wrap elementor-element-populated\">\n\t\t\t\t\t\t<div class=\"elementor-element elementor-element-df94b1c elementor-widget elementor-widget-eael-login-register\" data-id=\"df94b1c\" data-element_type=\"widget\" data-widget_type=\"eael-login-register.default\">\n\t\t\t\t<div class=\"elementor-widget-container\">\n\t\t\t        <div class=\"eael-login-registration-wrapper \"\n             data-is-ajax=\"\"\n             data-widget-id=\"df94b1c\"\n             data-recaptcha-sitekey=\"\"\n\t\t\t data-recaptcha-sitekey-v3=\"6LfX4hgqAAAAAE3oBdOHcvAyXtH449FZKOLGmwfD\"\n\t\t\t data-login-recaptcha-version=\"v3\"\n\t\t\t data-register-recaptcha-version=\"v3\"\n             data-redirect-to=\"\"\n             data-resetpassword-redirect-to=\"\"\n        >\n\t\t\t            <section\n                    id=\"eael-login-form-wrapper\"\n                    class=\"\"\n                    data-recaptcha-theme=\"light\"\n                    data-recaptcha-size=\"normal\">\n                <div class=\"eael-login-form-wrapper eael-lr-form-wrapper style-2 \">\n\t\t\t\t\t                        <div class=\"lr-form-wrapper\">\n\t\t\t\t\t\t\t\t\t\t\t\t\t\t                            <form class=\"eael-login-form eael-lr-form\"\n                                  id=\"eael-login-form\"\n                                  method=\"post\">\n\t\t\t\t\t\t\t\t                                <div class=\"eael-lr-form-group eael-user-login\">\n\t\t\t\t\t\t\t\t\t<label for=\"eael-user-login\" class=\"eael-field-label\">Username or Email Address<\/label>                                    <input type=\"text\"\n                                           name=\"eael-user-login\"\n                                           id=\"eael-user-login\"\n                                           class=\"eael-lr-form-control\"\n                                           aria-describedby=\"emailHelp\"\n                                           placeholder=\"Username or Email Address\"\n                                           required>\n\t\t\t\t\t\t\t\t\t                                <\/div>\n                                <div class=\"eael-lr-form-group eael-user-password\">\n\t\t\t\t\t\t\t\t\t<label for=\"eael-user-password\" class=\"eael-field-label\">Password<\/label>                                    <div class=\"eael-lr-password-wrapper\">\n                                        <input type=\"password\"\n                                               name=\"eael-user-password\"\n                                               class=\"eael-lr-form-control\"\n                                               id=\"eael-user-password\"\n                                               placeholder=\"Password\"\n                                               required>\n\t\t\t\t\t\t\t\t\t\t                                            <button type=\"button\"\n                                                    id=\"wp-hide-pw\"\n                                                    class=\"wp-hide-pw hide-if-no-js\"\n                                                    aria-label=\"Show password\">\n                                                <span class=\"dashicons dashicons-visibility\"\n                                                      aria-hidden=\"true\"><\/span>\n                                            <\/button>\n\t\t\t\t\t\t\t\t\t\t\t\t\t\t\t\t\t\t\t\t                                    <\/div>\n                                <\/div>\n                                <div class=\"eael-forever-forget eael-lr-form-group\">\n\t\t\t\t\t\t\t\t\t                                        <p class=\"forget-menot\">\n                                            <input name=\"eael-rememberme\"\n                                                   type=\"checkbox\"\n                                                   id=\"rememberme\"\n\t\t\t\t\t\t\t\t\t\t\t\t                                                      class=\"remember-me \"\n                                                   value=\"forever\">\n                                            <label for=\"rememberme\"\n                                                   class=\"eael-checkbox-label rememberme\">Recorda&#039;m<\/label>\n                                        <\/p>\n\t\t\t\t\t\t\t\t\t<p class=\"forget-pass\"><a id=\"eael-lr-lostpassword-toggle\" href=\"\" data-action=\"form\">Has oblidat la contrasenya?<\/a><\/p>\n                                <\/div>\n\n\t\t\t\t\t\t\t\t<input type='hidden' name='g-recaptcha-enabled' value='1'\/><div id='login-recaptcha-node-df94b1c' class='eael-recaptcha-wrapper'><\/div><input type='hidden' name='action' value='eael_login_register_form'\/>\n\n                                <div class=\"eael-lr-footer\">\n\t\t\t\t\t\t\t\t\t<div class=\"eael-lr-form-loader-wrapper\">\n                                    \t<input type=\"submit\"\n                                           name=\"eael-login-submit\"\n                                           id=\"eael-login-submit\"\n                                           class=\"g-recaptcha eael-lr-btn eael-lr-btn-block \"\n                                           value=\"Accedir\"\/>\n\t\t\t\t\t\t\t\t\t\t\n\t\t\t\t\t\t\t\t\t\t\n\t\t\t\t\t\t\t\t\t<\/div>\n\t\t\t\t\t\t\t\t\t                                        <div class=\"eael-sign-wrapper \">\n\t\t\t\t\t\t\t\t\t\t\t<span class=\"d-ib\"> <\/span> <a href=\"\" id=\"eael-lr-reg-toggle\" class=\"eael-lr-link\" data-action=\"form\" >Registra't ara<\/a>                                        <\/div>\n\t\t\t\t\t\t\t\t\t\n                                <\/div>\n\t\t\t\t\t\t\t\t                                <div class=\"eael-form-validation-container\">\n\t\t\t\t\t\t\t\t\t                                <\/div>\n\t\t\t\t\t\t\t\t<input type=\"hidden\" id=\"eael-login-nonce\" name=\"eael-login-nonce\" value=\"aca5d385d2\" \/><input type=\"hidden\" name=\"_wp_http_referer\" value=\"\/ca\/wp-json\/wp\/v2\/pages\/3796\" \/>        <input type=\"hidden\"\n               name=\"page_id\"\n               value=\"3796\">\n\t\t<input type=\"hidden\"\n               name=\"page_id_for_popup\"\n               value=\"3796\">\t   \n\t\t<input type=\"hidden\"\n               name=\"resetpassword_in_popup_selector\"\n               value=\"\">\n        <input type=\"hidden\"\n               name=\"widget_id\"\n               value=\"df94b1c\">\n\t\t                            <\/form>\n\t\t\t\t\t\t\t                        <\/div>\n\t\t\t\t\t\t                <\/div>\n\n            <\/section>\n\n\t\t\t<script>\n\t\t\t\tjQuery(document).ready(function($){\n\t\t\t\t\tvar eael_get_login_status = localStorage.getItem( 'eael-is-login-form' );\n\t\t\t\t\tif( eael_get_login_status === 'true' ) {\n\t\t\t\t\t\tsetTimeout(function() {\n\t\t\t\t\t\t\tvar button = jQuery('[eael-login=\"yes\"]');\n\t\t\t\t\t\t\tif( ! button.hasClass('eael-clicked') ) {\n\t\t\t\t\t\t\t\tbutton.trigger('click').addClass('eael-clicked');\n\t\t\t\t\t\t\t}\n\t\t\t\t\t\t}, 100);\n\n\t\t\t\t\t\tsetTimeout(function() {\n\t\t\t\t\t\t\tjQuery('[eael-login=\"yes\"]').removeClass('eael-clicked')\n\t\t\t\t\t\t}, 500);\n\t\t\t\t\t}\n\t\t\t\t});\n\t\t\t<\/script>\n\t\t\t            <section\n                    id=\"eael-register-form-wrapper\"\n                    class=\"eael-lr-d-none\"\n                    data-recaptcha-theme=\"light\"\n                    data-recaptcha-size=\"normal\"\n                    data-use-weak-password=\"1\"\n                    data-password-min-length=\"\"\n                    data-password-one-uppercase=\"\"\n                    data-password-one-lowercase=\"\"\n                    data-password-one-number=\"\"\n                    data-password-one-special=\"\"\n\t\t\t\t\t>\n                <div class=\"eael-register-form-wrapper eael-lr-form-wrapper style-2 \">\n\t\t\t\t\t                    <div class=\"lr-form-wrapper\">\n\t\t\t\t\t\t                        <form class=\"eael-register-form eael-lr-form\"\n                              id=\"eael-register-form\"\n                              method=\"post\"\n\t\t\t\t\t\t\t  \t\t\t\t\t\t\t  >\n\t\t\t\t\t\t\t\t\t\t\t\t\t\t                                <div class=\"eael-lr-form-group elementor-repeater-item-24bff05 eael-field-type-user_name\">\n\t\t\t\t\t\t\t\t\t<label for=\"form-field-user_name\" class=\"eael-field-label\">Nom d'usuari<\/label><input name=\"user_name\" type=\"text\" placeholder=\"Nom d&#039;usuari\" class=\"eael-lr-form-control form-field-user_name\" id=\"form-field-user_name\">\n\t\t\t\t\t\t\t\t<\/div>                                <div class=\"eael-lr-form-group elementor-repeater-item-07552ff eael-field-type-email\">\n\t\t\t\t\t\t\t\t\t<label for=\"form-field-email\" class=\"eael-field-label\">Correu electr\u00f2nic<\/label><input name=\"email\" type=\"email\" placeholder=\"Correu electr\u00f2nic\" class=\"eael-lr-form-control form-field-email\" id=\"form-field-email\" required=\"required\" aria-required=\"true\">\n\t\t\t\t\t\t\t\t<\/div>                                <div class=\"eael-lr-form-group elementor-repeater-item-c0be1e1 eael-field-type-eael_phone_number\">\n\t\t\t\t\t\t\t\t\t<label for=\"form-field-eael_phone_number\" class=\"eael-field-label\">Tel\u00e8fon<\/label><input name=\"eael_phone_number\" type=\"text\" placeholder=\"Tel\u00e8fon\" class=\"eael-lr-form-control form-field-eael_phone_number\" id=\"form-field-eael_phone_number\" required=\"required\" aria-required=\"true\">\n\t\t\t\t\t\t\t\t<\/div>                                <div class=\"eael-lr-form-group elementor-repeater-item-fd105db eael-field-type-password\">\n\t\t\t\t\t\t\t\t\t<label for=\"form-field-password\" class=\"eael-field-label\">Contrasenya<\/label><div class=\"eael-lr-password-wrapper-register\"><input name=\"password\" type=\"password\" placeholder=\"Contrasenya\" class=\"eael-lr-form-control form-field-password\" id=\"form-field-password\" required=\"required\" aria-required=\"true\"><\/div>\n\t\t\t\t\t\t\t\t<\/div><input type=\"hidden\" id=\"eael-register-nonce\" name=\"eael-register-nonce\" value=\"5354885734\" \/><input type=\"hidden\" name=\"_wp_http_referer\" value=\"\/ca\/wp-json\/wp\/v2\/pages\/3796\" \/>        <input type=\"hidden\"\n               name=\"page_id\"\n               value=\"3796\">\n\t\t<input type=\"hidden\"\n               name=\"page_id_for_popup\"\n               value=\"3796\">\t   \n\t\t<input type=\"hidden\"\n               name=\"resetpassword_in_popup_selector\"\n               value=\"\">\n        <input type=\"hidden\"\n               name=\"widget_id\"\n               value=\"df94b1c\">\n\t\t<input type='hidden' name='g-recaptcha-enabled' value='1'\/><div id='register-recaptcha-node-df94b1c' class='eael-recaptcha-wrapper'><\/div><input type='hidden' name='action' value='eael_login_register_form'\/>\n                            <div class=\"eael-lr-footer\">\n\t\t\t\t\t\t\t\t<div class=\"eael-lr-form-loader-wrapper\">\n                                \t<input type=\"submit\"\n                                       name=\"eael-register-submit\"\n                                       id=\"eael-register-submit\"\n                                       class=\"eael-lr-btn eael-lr-btn-block\"\n                                       value=\"Registrar\"\/>\n\t\t\t\t\t\t\t\t\t\t\n\t\t\t\t\t\t\t\t\t\n\t\t\t\t\t\t\t\t<\/div>\n\t\t\t\t\t\t\t\t                                    <div class=\"eael-sign-wrapper  \">\n\t\t\t\t\t\t\t\t\t\t<span class=\"d-ib\"> <\/span> <a href=\"\" id=\"eael-lr-login-toggle\" class=\"eael-lr-link\" data-action=\"form\" >Acceder<\/a>                                    <\/div>\n\t\t\t\t\t\t\t\t                            <\/div>\n\n\t\t\t\t\t\t\t\n                            <div class=\"eael-form-validation-container\">\n\t\t\t\t\t\t\t\t                            <\/div>\n\t\t\t\t\t\t\t                        <\/form>\n\t\t\t\t\t\t                    <\/div>\n\t\t\t\t\t                <\/div>\n            <\/section>\n\t\t\t            <section\n                    id=\"eael-lostpassword-form-wrapper\"\n                    class=\"eael-lr-d-none\"\n                    >\n                <div class=\"eael-lostpassword-form-wrapper eael-lr-form-wrapper style-2 \">\n\t\t\t\t\t\t\t\t\t\t<div class=\"lr-form-wrapper\">\n\t\t\t\t\t\t\t\t\t\t\t\t\t\t\t\t\t\t<form class=\"eael-lostpassword-form eael-lr-form\"\n\t\t\t\t\t\t\t  id=\"eael-lostpassword-form\"\n\t\t\t\t\t\t\t  method=\"post\">\n\t\t\t\t\t\t\t\t\t\t\t\t\t\t<div class=\"eael-lr-form-group \">\n\t\t\t\t\t\t\t\t<label for=\"eael-user-lostpassword\" class=\"eael-field-label\">Username or Email Address<\/label>\t\t\t\t\t\t\t\t<input type=\"text\"\n\t\t\t\t\t\t\t\t\t   name=\"eael-user-lostpassword\"\n\t\t\t\t\t\t\t\t\t   id=\"eael-user-lostpassword\"\n\t\t\t\t\t\t\t\t\t   class=\"eael-lr-form-control\"\n\t\t\t\t\t\t\t\t\t   aria-describedby=\"emailHelp\"\n\t\t\t\t\t\t\t\t\t   placeholder=\"Username or Email Address\"\n\t\t\t\t\t\t\t\t\t   required>\n\t\t\t\t\t\t\t\t\t\t\t\t\t\t\t<\/div>\n\n\t\t\t\t\t\t\t\n\t\t\t\t\t\t\t<div class=\"eael-lr-footer\">\n\t\t\t\t\t\t\t\t<input type=\"submit\"\n\t\t\t\t\t\t\t\t\t   name=\"eael-lostpassword-submit\"\n\t\t\t\t\t\t\t\t\t   id=\"eael-lostpassword-submit\"\n\t\t\t\t\t\t\t\t\t   class=\"eael-lr-btn eael-lr-btn-block   \"\n\t\t\t\t\t\t\t\t\t   value=\"Restablecer la contrase\u00f1a\"\/>\n\t\t\t\t\t\t\t\t\n\t\t\t\t\t\t\t<\/div>\n\t\t\t\t\t\t\t\t\t\t\t\t\t\t<div class=\"eael-form-validation-container\">\n\t\t\t\t\t\t\t\t\t\t\t\t\t\t\t<\/div>\n\t\t\t\t\t\t\t<input type=\"hidden\" id=\"eael-lostpassword-nonce\" name=\"eael-lostpassword-nonce\" value=\"ce4cc0bae2\" \/><input type=\"hidden\" name=\"_wp_http_referer\" value=\"\/ca\/wp-json\/wp\/v2\/pages\/3796\" \/>        <input type=\"hidden\"\n               name=\"page_id\"\n               value=\"3796\">\n\t\t<input type=\"hidden\"\n               name=\"page_id_for_popup\"\n               value=\"3796\">\t   \n\t\t<input type=\"hidden\"\n               name=\"resetpassword_in_popup_selector\"\n               value=\"\">\n        <input type=\"hidden\"\n               name=\"widget_id\"\n               value=\"df94b1c\">\n\t\t\t\t\t\t\t\t<\/form>\n\t\t\t\t\t\t\t\t\t\t\t<\/div>\n\t\t\t\t\t                <\/div>\n\n            <\/section>\n\t\t\t\t\t\t\t<div class=\"eael-recaptcha-no-branding-wrapper\">\n\t\t\t\t\t<small>\n\t\t\t\t\tThis site is protected by reCAPTCHA and the Google\n\t\t\t\t\t<a href=\"https:\/\/policies.google.com\/privacy\">Privacy Policy<\/a> and\n\t\t\t\t\t<a href=\"https:\/\/policies.google.com\/terms\">Terms of Service<\/a> apply.\n\t\t\t\t\t<\/small>\n\t\t\t\t<\/div>\n\t\t\t        <\/div>\n\n\t\t\t\t<\/div>\n\t\t\t\t<\/div>\n\t\t\t\t\t<\/div>\n\t\t<\/div>\n\t\t\t\t\t<\/div>\n\t\t<\/section>\n\t\t\t\t<\/div>\n\t\t","protected":false},"excerpt":{"rendered":"<p>Nombre de usuario o direcci\u00f3n de correo electr\u00f3nico Contrase\u00f1a Recorda&#039;m Has oblidat la contrasenya? Registra&#8217;t ara Nom d&#8217;usuari Correu electr\u00f2nic Tel\u00e8fon Contrasenya Acceder Nombre de usuario o direcci\u00f3n de correo electr\u00f3nico This site is protected by reCAPTCHA and the Google Privacy Policy and Terms of Service apply.<\/p>\n","protected":false},"author":1,"featured_media":3709,"parent":0,"menu_order":0,"comment_status":"closed","ping_status":"closed","template":"","meta":{"_acf_changed":false,"footnotes":""},"class_list":["post-3796","page","type-page","status-publish","has-post-thumbnail","hentry"],"acf":[],"yoast_head":"<!-- This site is optimized with the Yoast SEO plugin v23.1 - https:\/\/yoast.com\/wordpress\/plugins\/seo\/ -->\n<title>Login - Ladrillerias Mallorquinas<\/title>\n<meta name=\"robots\" content=\"index, follow, max-snippet:-1, max-image-preview:large, max-video-preview:-1\" \/>\n<link rel=\"canonical\" href=\"https:\/\/ladrillerias.es\/ca\/login\/\" \/>\n<meta property=\"og:locale\" content=\"ca_ES\" \/>\n<meta property=\"og:type\" content=\"article\" \/>\n<meta property=\"og:title\" content=\"Login - Ladrillerias Mallorquinas\" \/>\n<meta property=\"og:description\" content=\"Nombre de usuario o direcci\u00f3n de correo electr\u00f3nico Contrase\u00f1a Recorda&#039;m Has oblidat la contrasenya? Registra&#8217;t ara Nom d&#8217;usuari Correu electr\u00f2nic Tel\u00e8fon Contrasenya Acceder Nombre de usuario o direcci\u00f3n de correo electr\u00f3nico This site is protected by reCAPTCHA and the Google Privacy Policy and Terms of Service apply.\" \/>\n<meta property=\"og:url\" content=\"https:\/\/ladrillerias.es\/ca\/login\/\" \/>\n<meta property=\"og:site_name\" content=\"Ladrillerias Mallorquinas\" \/>\n<meta property=\"article:modified_time\" content=\"2026-04-30T07:08:22+00:00\" \/>\n<meta property=\"og:image\" content=\"https:\/\/ladrillerias.es\/wp-content\/uploads\/2023\/08\/seccion-area-tecnica.png\" \/>\n\t<meta property=\"og:image:width\" content=\"943\" \/>\n\t<meta property=\"og:image:height\" content=\"629\" \/>\n\t<meta property=\"og:image:type\" content=\"image\/png\" \/>\n<meta name=\"twitter:card\" content=\"summary_large_image\" \/>\n<script type=\"application\/ld+json\" class=\"yoast-schema-graph\">{\"@context\":\"https:\/\/schema.org\",\"@graph\":[{\"@type\":\"WebPage\",\"@id\":\"https:\/\/ladrillerias.es\/ca\/login\/\",\"url\":\"https:\/\/ladrillerias.es\/ca\/login\/\",\"name\":\"Login - Ladrillerias Mallorquinas\",\"isPartOf\":{\"@id\":\"https:\/\/ladrillerias.es\/ca\/#website\"},\"primaryImageOfPage\":{\"@id\":\"https:\/\/ladrillerias.es\/ca\/login\/#primaryimage\"},\"image\":{\"@id\":\"https:\/\/ladrillerias.es\/ca\/login\/#primaryimage\"},\"thumbnailUrl\":\"https:\/\/ladrillerias.es\/wp-content\/uploads\/2023\/08\/seccion-area-tecnica.png\",\"datePublished\":\"2023-10-10T09:04:21+00:00\",\"dateModified\":\"2026-04-30T07:08:22+00:00\",\"breadcrumb\":{\"@id\":\"https:\/\/ladrillerias.es\/ca\/login\/#breadcrumb\"},\"inLanguage\":\"ca\",\"potentialAction\":[{\"@type\":\"ReadAction\",\"target\":[\"https:\/\/ladrillerias.es\/ca\/login\/\"]}]},{\"@type\":\"ImageObject\",\"inLanguage\":\"ca\",\"@id\":\"https:\/\/ladrillerias.es\/ca\/login\/#primaryimage\",\"url\":\"https:\/\/ladrillerias.es\/wp-content\/uploads\/2023\/08\/seccion-area-tecnica.png\",\"contentUrl\":\"https:\/\/ladrillerias.es\/wp-content\/uploads\/2023\/08\/seccion-area-tecnica.png\",\"width\":943,\"height\":629},{\"@type\":\"BreadcrumbList\",\"@id\":\"https:\/\/ladrillerias.es\/ca\/login\/#breadcrumb\",\"itemListElement\":[{\"@type\":\"ListItem\",\"position\":1,\"name\":\"Inicio\",\"item\":\"https:\/\/ladrillerias.es\/ca\/inici\/\"},{\"@type\":\"ListItem\",\"position\":2,\"name\":\"Login\"}]},{\"@type\":\"WebSite\",\"@id\":\"https:\/\/ladrillerias.es\/ca\/#website\",\"url\":\"https:\/\/ladrillerias.es\/ca\/\",\"name\":\"Ladrillerias Mallorquinas\",\"description\":\"\",\"publisher\":{\"@id\":\"https:\/\/ladrillerias.es\/ca\/#organization\"},\"potentialAction\":[{\"@type\":\"SearchAction\",\"target\":{\"@type\":\"EntryPoint\",\"urlTemplate\":\"https:\/\/ladrillerias.es\/ca\/?s={search_term_string}\"},\"query-input\":\"required name=search_term_string\"}],\"inLanguage\":\"ca\"},{\"@type\":\"Organization\",\"@id\":\"https:\/\/ladrillerias.es\/ca\/#organization\",\"name\":\"Ladrillerias Mallorquinas\",\"url\":\"https:\/\/ladrillerias.es\/ca\/\",\"logo\":{\"@type\":\"ImageObject\",\"inLanguage\":\"ca\",\"@id\":\"https:\/\/ladrillerias.es\/ca\/#\/schema\/logo\/image\/\",\"url\":\"https:\/\/ladrillerias-mallorquinas.fra1.digitaloceanspaces.com\/wp-content\/uploads\/2023\/07\/logo-ladrillerias-mallorquinas.png\",\"contentUrl\":\"https:\/\/ladrillerias-mallorquinas.fra1.digitaloceanspaces.com\/wp-content\/uploads\/2023\/07\/logo-ladrillerias-mallorquinas.png\",\"width\":176,\"height\":177,\"caption\":\"Ladrillerias Mallorquinas\"},\"image\":{\"@id\":\"https:\/\/ladrillerias.es\/ca\/#\/schema\/logo\/image\/\"}}]}<\/script>\n<!-- \/ Yoast SEO plugin. -->","yoast_head_json":{"title":"Login - Ladrillerias Mallorquinas","robots":{"index":"index","follow":"follow","max-snippet":"max-snippet:-1","max-image-preview":"max-image-preview:large","max-video-preview":"max-video-preview:-1"},"canonical":"https:\/\/ladrillerias.es\/ca\/login\/","og_locale":"ca_ES","og_type":"article","og_title":"Login - Ladrillerias Mallorquinas","og_description":"Nombre de usuario o direcci\u00f3n de correo electr\u00f3nico Contrase\u00f1a Recorda&#039;m Has oblidat la contrasenya? Registra&#8217;t ara Nom d&#8217;usuari Correu electr\u00f2nic Tel\u00e8fon Contrasenya Acceder Nombre de usuario o direcci\u00f3n de correo electr\u00f3nico This site is protected by reCAPTCHA and the Google Privacy Policy and Terms of Service apply.","og_url":"https:\/\/ladrillerias.es\/ca\/login\/","og_site_name":"Ladrillerias Mallorquinas","article_modified_time":"2026-04-30T07:08:22+00:00","og_image":[{"width":943,"height":629,"url":"https:\/\/ladrillerias.es\/wp-content\/uploads\/2023\/08\/seccion-area-tecnica.png","type":"image\/png"}],"twitter_card":"summary_large_image","schema":{"@context":"https:\/\/schema.org","@graph":[{"@type":"WebPage","@id":"https:\/\/ladrillerias.es\/ca\/login\/","url":"https:\/\/ladrillerias.es\/ca\/login\/","name":"Login - Ladrillerias Mallorquinas","isPartOf":{"@id":"https:\/\/ladrillerias.es\/ca\/#website"},"primaryImageOfPage":{"@id":"https:\/\/ladrillerias.es\/ca\/login\/#primaryimage"},"image":{"@id":"https:\/\/ladrillerias.es\/ca\/login\/#primaryimage"},"thumbnailUrl":"https:\/\/ladrillerias.es\/wp-content\/uploads\/2023\/08\/seccion-area-tecnica.png","datePublished":"2023-10-10T09:04:21+00:00","dateModified":"2026-04-30T07:08:22+00:00","breadcrumb":{"@id":"https:\/\/ladrillerias.es\/ca\/login\/#breadcrumb"},"inLanguage":"ca","potentialAction":[{"@type":"ReadAction","target":["https:\/\/ladrillerias.es\/ca\/login\/"]}]},{"@type":"ImageObject","inLanguage":"ca","@id":"https:\/\/ladrillerias.es\/ca\/login\/#primaryimage","url":"https:\/\/ladrillerias.es\/wp-content\/uploads\/2023\/08\/seccion-area-tecnica.png","contentUrl":"https:\/\/ladrillerias.es\/wp-content\/uploads\/2023\/08\/seccion-area-tecnica.png","width":943,"height":629},{"@type":"BreadcrumbList","@id":"https:\/\/ladrillerias.es\/ca\/login\/#breadcrumb","itemListElement":[{"@type":"ListItem","position":1,"name":"Inicio","item":"https:\/\/ladrillerias.es\/ca\/inici\/"},{"@type":"ListItem","position":2,"name":"Login"}]},{"@type":"WebSite","@id":"https:\/\/ladrillerias.es\/ca\/#website","url":"https:\/\/ladrillerias.es\/ca\/","name":"Ladrillerias Mallorquinas","description":"","publisher":{"@id":"https:\/\/ladrillerias.es\/ca\/#organization"},"potentialAction":[{"@type":"SearchAction","target":{"@type":"EntryPoint","urlTemplate":"https:\/\/ladrillerias.es\/ca\/?s={search_term_string}"},"query-input":"required name=search_term_string"}],"inLanguage":"ca"},{"@type":"Organization","@id":"https:\/\/ladrillerias.es\/ca\/#organization","name":"Ladrillerias Mallorquinas","url":"https:\/\/ladrillerias.es\/ca\/","logo":{"@type":"ImageObject","inLanguage":"ca","@id":"https:\/\/ladrillerias.es\/ca\/#\/schema\/logo\/image\/","url":"https:\/\/ladrillerias-mallorquinas.fra1.digitaloceanspaces.com\/wp-content\/uploads\/2023\/07\/logo-ladrillerias-mallorquinas.png","contentUrl":"https:\/\/ladrillerias-mallorquinas.fra1.digitaloceanspaces.com\/wp-content\/uploads\/2023\/07\/logo-ladrillerias-mallorquinas.png","width":176,"height":177,"caption":"Ladrillerias Mallorquinas"},"image":{"@id":"https:\/\/ladrillerias.es\/ca\/#\/schema\/logo\/image\/"}}]}},"_links":{"self":[{"href":"https:\/\/ladrillerias.es\/ca\/wp-json\/wp\/v2\/pages\/3796","targetHints":{"allow":["GET"]}}],"collection":[{"href":"https:\/\/ladrillerias.es\/ca\/wp-json\/wp\/v2\/pages"}],"about":[{"href":"https:\/\/ladrillerias.es\/ca\/wp-json\/wp\/v2\/types\/page"}],"author":[{"embeddable":true,"href":"https:\/\/ladrillerias.es\/ca\/wp-json\/wp\/v2\/users\/1"}],"replies":[{"embeddable":true,"href":"https:\/\/ladrillerias.es\/ca\/wp-json\/wp\/v2\/comments?post=3796"}],"version-history":[{"count":1,"href":"https:\/\/ladrillerias.es\/ca\/wp-json\/wp\/v2\/pages\/3796\/revisions"}],"predecessor-version":[{"id":3797,"href":"https:\/\/ladrillerias.es\/ca\/wp-json\/wp\/v2\/pages\/3796\/revisions\/3797"}],"wp:featuredmedia":[{"embeddable":true,"href":"https:\/\/ladrillerias.es\/ca\/wp-json\/wp\/v2\/media\/3709"}],"wp:attachment":[{"href":"https:\/\/ladrillerias.es\/ca\/wp-json\/wp\/v2\/media?parent=3796"}],"curies":[{"name":"wp","href":"https:\/\/api.w.org\/{rel}","templated":true}]}}